{"id":17841,"date":"2017-06-01T23:07:22","date_gmt":"2017-06-01T21:07:22","guid":{"rendered":"https:\/\/dev.youngandbrave.de\/about-us\/"},"modified":"2022-09-21T14:58:50","modified_gmt":"2022-09-21T12:58:50","slug":"about-de","status":"publish","type":"page","link":"https:\/\/youngandbrave.de\/de\/about-de\/","title":{"rendered":"About"},"content":{"rendered":"<p>[spb_blank_spacer height=&#8221;30px&#8221; width=&#8221;1\/4&#8243; el_position=&#8221;first&#8221;] [spb_text_block animation=&#8221;none&#8221; animation_delay=&#8221;0&#8243; simplified_controls=&#8221;no&#8221; custom_css_percentage=&#8221;yes&#8221; padding_vertical=&#8221;0&#8243; padding_horizontal=&#8221;0&#8243; margin_vertical=&#8221;0&#8243; custom_css=&#8221;margin-top: 0%;margin-bottom: 0%;padding-left: 13%;padding-right: 13%;&#8221; border_size=&#8221;0&#8243; border_styling_global=&#8221;default&#8221; width=&#8221;1\/2&#8243;]<\/p>\n<blockquote><p>\u2026 sie sind jung und haben noch ihr ganzes Leben vor sich. Um die Welt zu entdecken und sie zu ver\u00e4ndern.<span class=\"Apple-converted-space\">\u00a0<\/span><\/p>\n<p>\u2026 sie sind mutig und sie haben keine Angst. Weder davor Neues zu erkunden, noch davor sich Neuem zu stellen.<\/p>\n<p>\u2026 sie sind Kinder. Meine Kinder. Der Mittelpunkt meines Lebens und der Grund f\u00fcr young and brave.<\/p><\/blockquote>\n<p>[\/spb_text_block] [spb_blank_spacer height=&#8221;30px&#8221; width=&#8221;1\/4&#8243; el_position=&#8221;last&#8221;] [spb_text_block animation=&#8221;none&#8221; animation_delay=&#8221;0&#8243; simplified_controls=&#8221;no&#8221; custom_css_percentage=&#8221;yes&#8221; padding_vertical=&#8221;0&#8243; padding_horizontal=&#8221;0&#8243; margin_vertical=&#8221;0&#8243; custom_css=&#8221;margin-top: 0%;margin-bottom: 0%;padding-left: 13%;padding-right: 13%;&#8221; border_size=&#8221;0&#8243; border_styling_global=&#8221;default&#8221; width=&#8221;1\/1&#8243; el_position=&#8221;first last&#8221;]<\/p>\n<p>Ich bin Raquel. Und mein Leben dreht sich um young and brave. Um meine eigenen zwei Kinder also. Und nat\u00fcrlich um diesen Shop. Seitdem ich Mutter bin, hat sich so einiges ver\u00e4ndert. Vor allem aber die Sicht auf das Leben. Auf das, was wichtig ist und auf das, was vielleicht auch nur wichtig erscheint.<span class=\"Apple-converted-space\">\u00a0<\/span><\/p>\n<p>F\u00fcr meine Kinder bin ich immer auf der Suche nach dem perfekten Produkt. Nach der Jacke, die ich nicht mehr hergeben m\u00f6chte, nach dem Spielzeug, das f\u00fcr meine Kinder zum Lieblingsst\u00fcck wird oder aber nach der Tasche, in die ich mich einfach nur auf den ersten Blick verliebe. All diese St\u00fccke habe ich in unserem Onlineshop f\u00fcr Euch zusammengestellt. So findet Ihr hier alles, was \u00fcber das Funktionale hinausgeht, zeitgleich nachhaltig und kreativ ist und vor allem: Freude bereitet. Pers\u00f6nlich zusammengestellt, sorgf\u00e4ltig ausgew\u00e4hlt \u2013 f\u00fcr Babys und Kinder.<\/p>\n<p>Viel Spass beim Shoppen!<\/p>\n<p>xx<br \/>\nRaquel<\/p>\n<p>[\/spb_text_block]<\/p>\n","protected":false},"excerpt":{"rendered":"<p>[spb_blank_spacer height=&#8221;30px&#8221; width=&#8221;1\/4&#8243; el_position=&#8221;first&#8221;] [spb_text_block animation=&#8221;none&#8221; animation_delay=&#8221;0&#8243; simplified_controls=&#8221;no&#8221; custom_css_percentage=&#8221;yes&#8221; padding_vertical=&#8221;0&#8243; padding_horizontal=&#8221;0&#8243; margin_vertical=&#8221;0&#8243; custom_css=&#8221;margin-top: 0%;margin-bottom: 0%;padding-left: 13%;padding-right: 13%;&#8221; border_size=&#8221;0&#8243; border_styling_global=&#8221;default&#8221; width=&#8221;1\/2&#8243;] \u2026 sie sind jung und haben noch ihr ganzes Leben vor sich. Um die Welt zu entdecken und sie zu ver\u00e4ndern.\u00a0 \u2026 sie sind mutig und sie haben keine Angst. Weder davor Neues zu erkunden, noch davor sich Neuem zu [&hellip;]<\/p>\n","protected":false},"author":2,"featured_media":0,"parent":0,"menu_order":0,"comment_status":"open","ping_status":"closed","template":"","meta":{"om_disable_all_campaigns":false,"footnotes":""},"class_list":["post-17841","page","type-page","status-publish","hentry"],"yoast_head":"<!-- This site is optimized with the Yoast SEO Premium plugin v18.6 (Yoast SEO v25.9) - https:\/\/yoast.com\/wordpress\/plugins\/seo\/ -->\n<title>About - young and brave online shop<\/title>\n<meta name=\"description\" content=\"Webshop f\u00fcr Baby und Kinder von Raquel Neubig. Liebevoll und sorgf\u00e4ltig ausgew\u00e4hlten Produkten. Kinderladen in Freiburg im Breisgau.\" \/>\n<meta name=\"robots\" content=\"index, follow, max-snippet:-1, max-image-preview:large, max-video-preview:-1\" \/>\n<link rel=\"canonical\" href=\"https:\/\/youngandbrave.de\/de\/about-de\/\" \/>\n<meta property=\"og:locale\" content=\"de_DE\" \/>\n<meta property=\"og:type\" content=\"article\" \/>\n<meta property=\"og:title\" content=\"About\" \/>\n<meta property=\"og:description\" content=\"\u2026 sie sind jung und haben noch ihr ganzes Leben vor sich. Um die Welt zu entdecken und sie zu ver\u00e4ndern.\u00a0 \u2026 sie sind mutig und sie haben keine Angst.\" \/>\n<meta property=\"og:url\" content=\"https:\/\/youngandbrave.de\/de\/about-de\/\" \/>\n<meta property=\"og:site_name\" content=\"young and brave Kinderladen\" \/>\n<meta property=\"article:publisher\" content=\"https:\/\/www.facebook.com\/youngandbrave.shop\" \/>\n<meta property=\"article:modified_time\" content=\"2022-09-21T12:58:50+00:00\" \/>\n<meta name=\"twitter:card\" content=\"summary_large_image\" \/>\n<meta name=\"twitter:site\" content=\"@youngandbravech\" \/>\n<meta name=\"twitter:label1\" content=\"Gesch\u00e4tzte Lesezeit\" \/>\n\t<meta name=\"twitter:data1\" content=\"2\u00a0Minuten\" \/>\n<script type=\"application\/ld+json\" class=\"yoast-schema-graph\">{\"@context\":\"https:\/\/schema.org\",\"@graph\":[{\"@type\":\"WebPage\",\"@id\":\"https:\/\/youngandbrave.de\/de\/about-de\/\",\"url\":\"https:\/\/youngandbrave.de\/de\/about-de\/\",\"name\":\"About - young and brave online shop\",\"isPartOf\":{\"@id\":\"https:\/\/youngandbrave.de\/de\/#website\"},\"datePublished\":\"2017-06-01T21:07:22+00:00\",\"dateModified\":\"2022-09-21T12:58:50+00:00\",\"description\":\"Webshop f\u00fcr Baby und Kinder von Raquel Neubig. Liebevoll und sorgf\u00e4ltig ausgew\u00e4hlten Produkten. Kinderladen in Freiburg im Breisgau.\",\"breadcrumb\":{\"@id\":\"https:\/\/youngandbrave.de\/de\/about-de\/#breadcrumb\"},\"inLanguage\":\"de\",\"potentialAction\":[{\"@type\":\"ReadAction\",\"target\":[\"https:\/\/youngandbrave.de\/de\/about-de\/\"]}]},{\"@type\":\"BreadcrumbList\",\"@id\":\"https:\/\/youngandbrave.de\/de\/about-de\/#breadcrumb\",\"itemListElement\":[{\"@type\":\"ListItem\",\"position\":1,\"name\":\"Home\",\"item\":\"https:\/\/youngandbrave.de\/de\/\"},{\"@type\":\"ListItem\",\"position\":2,\"name\":\"About\"}]},{\"@type\":\"WebSite\",\"@id\":\"https:\/\/youngandbrave.de\/de\/#website\",\"url\":\"https:\/\/youngandbrave.de\/de\/\",\"name\":\"young and brave Kinderladen\",\"description\":\"Concept Store for Babies and Children\",\"publisher\":{\"@id\":\"https:\/\/youngandbrave.de\/de\/#organization\"},\"potentialAction\":[{\"@type\":\"SearchAction\",\"target\":{\"@type\":\"EntryPoint\",\"urlTemplate\":\"https:\/\/youngandbrave.de\/de\/?s={search_term_string}\"},\"query-input\":{\"@type\":\"PropertyValueSpecification\",\"valueRequired\":true,\"valueName\":\"search_term_string\"}}],\"inLanguage\":\"de\"},{\"@type\":[\"Organization\",\"Place\",\"LocalBusiness\"],\"@id\":\"https:\/\/youngandbrave.de\/de\/#organization\",\"name\":\"young and brave Deutschland UG\",\"url\":\"https:\/\/youngandbrave.de\/de\/\",\"logo\":{\"@id\":\"https:\/\/youngandbrave.de\/de\/about-de\/#local-main-organization-logo\"},\"image\":{\"@id\":\"https:\/\/youngandbrave.de\/de\/about-de\/#local-main-organization-logo\"},\"sameAs\":[\"https:\/\/www.facebook.com\/youngandbrave.shop\",\"https:\/\/x.com\/youngandbravech\",\"https:\/\/www.instagram.com\/youngandbrave.shop\",\"https:\/\/br.pinterest.com\/youngandbravech\"],\"address\":{\"@id\":\"https:\/\/youngandbrave.de\/de\/about-de\/#local-main-place-address\"},\"geo\":{\"@type\":\"GeoCoordinates\",\"latitude\":\"47.9930774\",\"longitude\":\"7.849289799999999\"},\"telephone\":[\"+49 76151461650\"],\"openingHoursSpecification\":[{\"@type\":\"OpeningHoursSpecification\",\"dayOfWeek\":[\"Monday\",\"Tuesday\"],\"opens\":\"10:00\",\"closes\":\"12:00\"},{\"@type\":\"OpeningHoursSpecification\",\"dayOfWeek\":[\"Wednesday\",\"Thursday\",\"Friday\"],\"opens\":\"10:00\",\"closes\":\"18:00\"},{\"@type\":\"OpeningHoursSpecification\",\"dayOfWeek\":[\"Saturday\"],\"opens\":\"10:00\",\"closes\":\"16:00\"},{\"@type\":\"OpeningHoursSpecification\",\"dayOfWeek\":[\"Sunday\"],\"opens\":\"00:00\",\"closes\":\"00:00\"}],\"email\":\"hello@youngandbrave.de\",\"vatID\":\"DE333491896\",\"currenciesAccepted\":\"\u20ac\",\"paymentAccepted\":\"debit, credit, cash\"},{\"@type\":\"PostalAddress\",\"@id\":\"https:\/\/youngandbrave.de\/de\/about-de\/#local-main-place-address\",\"streetAddress\":\"Fischerau 4\",\"addressLocality\":\"Freiburg im Breisgau\",\"postalCode\":\"79098\",\"addressCountry\":\"DE\"},{\"@type\":\"ImageObject\",\"inLanguage\":\"de\",\"@id\":\"https:\/\/youngandbrave.de\/de\/about-de\/#local-main-organization-logo\",\"url\":\"https:\/\/youngandbrave.de\/wp-content\/uploads\/2014\/12\/YB-logo1.png\",\"contentUrl\":\"https:\/\/youngandbrave.de\/wp-content\/uploads\/2014\/12\/YB-logo1.png\",\"width\":100,\"height\":88,\"caption\":\"young and brave Deutschland UG\"}]}<\/script>\n<meta name=\"geo.placename\" content=\"Freiburg im Breisgau\" \/>\n<meta name=\"geo.position\" content=\"47.9930774;7.849289799999999\" \/>\n<meta name=\"geo.region\" content=\"Deutschland\" \/>\n<!-- \/ Yoast SEO Premium plugin. -->","yoast_head_json":{"title":"About - young and brave online shop","description":"Webshop f\u00fcr Baby und Kinder von Raquel Neubig. Liebevoll und sorgf\u00e4ltig ausgew\u00e4hlten Produkten. Kinderladen in Freiburg im Breisgau.","robots":{"index":"index","follow":"follow","max-snippet":"max-snippet:-1","max-image-preview":"max-image-preview:large","max-video-preview":"max-video-preview:-1"},"canonical":"https:\/\/youngandbrave.de\/de\/about-de\/","og_locale":"de_DE","og_type":"article","og_title":"About","og_description":"\u2026 sie sind jung und haben noch ihr ganzes Leben vor sich. Um die Welt zu entdecken und sie zu ver\u00e4ndern.\u00a0 \u2026 sie sind mutig und sie haben keine Angst.","og_url":"https:\/\/youngandbrave.de\/de\/about-de\/","og_site_name":"young and brave Kinderladen","article_publisher":"https:\/\/www.facebook.com\/youngandbrave.shop","article_modified_time":"2022-09-21T12:58:50+00:00","twitter_card":"summary_large_image","twitter_site":"@youngandbravech","twitter_misc":{"Gesch\u00e4tzte Lesezeit":"2\u00a0Minuten"},"schema":{"@context":"https:\/\/schema.org","@graph":[{"@type":"WebPage","@id":"https:\/\/youngandbrave.de\/de\/about-de\/","url":"https:\/\/youngandbrave.de\/de\/about-de\/","name":"About - young and brave online shop","isPartOf":{"@id":"https:\/\/youngandbrave.de\/de\/#website"},"datePublished":"2017-06-01T21:07:22+00:00","dateModified":"2022-09-21T12:58:50+00:00","description":"Webshop f\u00fcr Baby und Kinder von Raquel Neubig. Liebevoll und sorgf\u00e4ltig ausgew\u00e4hlten Produkten. Kinderladen in Freiburg im Breisgau.","breadcrumb":{"@id":"https:\/\/youngandbrave.de\/de\/about-de\/#breadcrumb"},"inLanguage":"de","potentialAction":[{"@type":"ReadAction","target":["https:\/\/youngandbrave.de\/de\/about-de\/"]}]},{"@type":"BreadcrumbList","@id":"https:\/\/youngandbrave.de\/de\/about-de\/#breadcrumb","itemListElement":[{"@type":"ListItem","position":1,"name":"Home","item":"https:\/\/youngandbrave.de\/de\/"},{"@type":"ListItem","position":2,"name":"About"}]},{"@type":"WebSite","@id":"https:\/\/youngandbrave.de\/de\/#website","url":"https:\/\/youngandbrave.de\/de\/","name":"young and brave Kinderladen","description":"Concept Store for Babies and Children","publisher":{"@id":"https:\/\/youngandbrave.de\/de\/#organization"},"potentialAction":[{"@type":"SearchAction","target":{"@type":"EntryPoint","urlTemplate":"https:\/\/youngandbrave.de\/de\/?s={search_term_string}"},"query-input":{"@type":"PropertyValueSpecification","valueRequired":true,"valueName":"search_term_string"}}],"inLanguage":"de"},{"@type":["Organization","Place","LocalBusiness"],"@id":"https:\/\/youngandbrave.de\/de\/#organization","name":"young and brave Deutschland UG","url":"https:\/\/youngandbrave.de\/de\/","logo":{"@id":"https:\/\/youngandbrave.de\/de\/about-de\/#local-main-organization-logo"},"image":{"@id":"https:\/\/youngandbrave.de\/de\/about-de\/#local-main-organization-logo"},"sameAs":["https:\/\/www.facebook.com\/youngandbrave.shop","https:\/\/x.com\/youngandbravech","https:\/\/www.instagram.com\/youngandbrave.shop","https:\/\/br.pinterest.com\/youngandbravech"],"address":{"@id":"https:\/\/youngandbrave.de\/de\/about-de\/#local-main-place-address"},"geo":{"@type":"GeoCoordinates","latitude":"47.9930774","longitude":"7.849289799999999"},"telephone":["+49 76151461650","+49 76151461650"],"openingHoursSpecification":[{"@type":"OpeningHoursSpecification","dayOfWeek":["Monday","Tuesday"],"opens":"10:00","closes":"12:00"},{"@type":"OpeningHoursSpecification","dayOfWeek":["Wednesday","Thursday","Friday"],"opens":"10:00","closes":"18:00"},{"@type":"OpeningHoursSpecification","dayOfWeek":["Saturday"],"opens":"10:00","closes":"16:00"},{"@type":"OpeningHoursSpecification","dayOfWeek":["Sunday"],"opens":"00:00","closes":"00:00"}],"email":"hello@youngandbrave.de","vatID":"DE333491896","currenciesAccepted":"\u20ac","paymentAccepted":"debit, credit, cash"},{"@type":"PostalAddress","@id":"https:\/\/youngandbrave.de\/de\/about-de\/#local-main-place-address","streetAddress":"Fischerau 4","addressLocality":"Freiburg im Breisgau","postalCode":"79098","addressCountry":"DE"},{"@type":"ImageObject","inLanguage":"de","@id":"https:\/\/youngandbrave.de\/de\/about-de\/#local-main-organization-logo","url":"https:\/\/youngandbrave.de\/wp-content\/uploads\/2014\/12\/YB-logo1.png","contentUrl":"https:\/\/youngandbrave.de\/wp-content\/uploads\/2014\/12\/YB-logo1.png","width":100,"height":88,"caption":"young and brave Deutschland UG"}]},"geo.placename":"Freiburg im Breisgau","geo.position":{"lat":"47.9930774","long":"7.849289799999999"},"geo.region":"Deutschland"},"_links":{"self":[{"href":"https:\/\/youngandbrave.de\/de\/wp-json\/wp\/v2\/pages\/17841","targetHints":{"allow":["GET"]}}],"collection":[{"href":"https:\/\/youngandbrave.de\/de\/wp-json\/wp\/v2\/pages"}],"about":[{"href":"https:\/\/youngandbrave.de\/de\/wp-json\/wp\/v2\/types\/page"}],"author":[{"embeddable":true,"href":"https:\/\/youngandbrave.de\/de\/wp-json\/wp\/v2\/users\/2"}],"replies":[{"embeddable":true,"href":"https:\/\/youngandbrave.de\/de\/wp-json\/wp\/v2\/comments?post=17841"}],"version-history":[{"count":61,"href":"https:\/\/youngandbrave.de\/de\/wp-json\/wp\/v2\/pages\/17841\/revisions"}],"predecessor-version":[{"id":46465,"href":"https:\/\/youngandbrave.de\/de\/wp-json\/wp\/v2\/pages\/17841\/revisions\/46465"}],"wp:attachment":[{"href":"https:\/\/youngandbrave.de\/de\/wp-json\/wp\/v2\/media?parent=17841"}],"curies":[{"name":"wp","href":"https:\/\/api.w.org\/{rel}","templated":true}]}}